{"id":907,"date":"2016-01-22T23:14:46","date_gmt":"2016-01-22T22:14:46","guid":{"rendered":"http:\/\/meinungsterror.de\/?page_id=907"},"modified":"2017-04-27T15:25:08","modified_gmt":"2017-04-27T14:25:08","slug":"td","status":"publish","type":"page","link":"http:\/\/meinungsterror.de\/?page_id=907","title":{"rendered":"TD"},"content":{"rendered":"<p><iframe loading=\"lazy\" src=\"\/\/datawrapper.dwcdn.net\/3xyT2\/1\/\" frameborder=\"0\" allowtransparency=\"true\" allowfullscreen=\"allowfullscreen\" webkitallowfullscreen=\"webkitallowfullscreen\" mozallowfullscreen=\"mozallowfullscreen\" oallowfullscreen=\"oallowfullscreen\" msallowfullscreen=\"msallowfullscreen\" width=\"600\" height=\"600\"><\/iframe><\/p>\n<p><strong>T\u00c3\u00b6tungsdelikte in Deutschland<\/strong><\/p>\n<p>Die kleine, aber \u00c3\u00a4u\u00c3\u0178erst lautstarke und gut vernetzte Antiwaffenlobby in Deutschland schafft es immer wieder, mit unseri\u00c3\u00b6sen Zahlen gro\u00c3\u0178e Aufmerksamkeit in den Medien zu erzielen.<\/p>\n<p>So kolportiert man seit Jahren angebliche Zahlen von Opfern &#8222;get\u00c3\u00b6tet mit Schusswaffen von Sportsch\u00c3\u00bctzen&#8220;, die sich innerhalb weniger Jahren von einst knapp \u00c3\u00bcber 100 auf mittlerweile &#8222;stolze&#8220; 204 (Stand Januar 2016) &#8222;gemausert&#8220; hat. F\u00c3\u00bcr den Zeitraum 1993 &#8211; 2014 listet man 185 Tote auf.<br \/>\n<strong><br \/>\nDer Trick<\/strong><\/p>\n<p>Der erste Teil des billigen Trick bei der Sache ist die Addition nach willk\u00c3\u00bcrlich festgelegten Kriterien zusammengetragener &#8222;Sportmordwaffenopferzahlen&#8220; \u00c3\u00bcber einen sehr langen Zeitraum. 204 Opfer von Sportsch\u00c3\u00bctzen klingt ja auch erst einmal sehr be\u00c3\u00a4ngstigend, auch wenn man F\u00c3\u00a4lle aus einem Vierteljahrhundert sammeln musste. <\/p>\n<p>Der zweite Teil des Tricks ist das bewusste Unterschlagen von Vergleichszahlen und der Gewissheit, dass auch die wenigsten Redaktionen sich die M\u00c3\u00bche machen, diese zu recherchieren.<\/p>\n<p>Dabei reichte schon ein schneller <a href=\"https:\/\/de.wikipedia.org\/wiki\/T%C3%B6tungsdelikt_(Deutschland)\" target=\"_blank\">Blick auf Wikipedia<\/a>, wenn man schon zu bequem ist, sich die vom BKA \u00c3\u00b6ffentlich <a href=\"http:\/\/www.bka.de\/DE\/Publikationen\/PolizeilicheKriminalstatistik\/2014\/2014Zeitreihen\/pks2014ZeitreihenFaelleUebersicht.html\" target=\"_blank\">zur Verf\u00c3\u00bcgung gestellten Zahlenreihen<\/a> zu Gem\u00c3\u00bcte zu f\u00c3\u00bchren:  <\/p>\n<p>In den Jahren 1993 &#8211; 2014 wurden demnach in Deutschland von der Polizei 80.840 Straftaten gegen das Leben registriert. In 41.289 F\u00c3\u00a4llen blieb es beim Versuch, 39.551 Menschen verloren als Opfer eines T\u00c3\u00b6tungsdeliktes ihr Leben.<\/p>\n<p>Statistisch gesehen ergibt das pro Jahr fast 1.800 oder t\u00c3\u00a4glich f\u00c3\u00bcnf Opfer von Mord und Totschlag. Die Anzahl von 204 &#8222;Sportmordwaffenopfern&#8220; aus 25 Jahren wird durch den allt\u00c3\u00a4glichen Mord und Totschlag alle sechs Wochen erreicht, die Opferzahl von &#8222;Winnenden&#8220; alle dreieinhalb Tage.<br \/>\n<a href=\"http:\/\/meinungsterror.de\/wp-content\/uploads\/2016\/01\/0t_2016_mt_bka_toetungsdelikt_a.gif\" rel=\"attachment wp-att-919\"><img loading=\"lazy\" decoding=\"async\" src=\"http:\/\/meinungsterror.de\/wp-content\/uploads\/2016\/01\/0t_2016_mt_bka_toetungsdelikt_a-300x229.gif\" alt=\"0t_2016_mt_bka_toetungsdelikt_a\" width=\"300\" height=\"229\" class=\"aligncenter size-medium wp-image-919\" srcset=\"http:\/\/meinungsterror.de\/wp-content\/uploads\/2016\/01\/0t_2016_mt_bka_toetungsdelikt_a-300x229.gif 300w, http:\/\/meinungsterror.de\/wp-content\/uploads\/2016\/01\/0t_2016_mt_bka_toetungsdelikt_a-768x586.gif 768w\" sizes=\"(max-width: 300px) 100vw, 300px\" \/><\/a><br \/>\nWie weit fernab jeglicher Lebenswirklichkeit die herbeihysterisierten Bedrohungsszenarien durch die Sportsch\u00c3\u00bctzen wirklich sind, verdeutlicht der Vergleich der absoluten Zahlen \u00c3\u00bcber einen gleichen Zeitraum.<\/p>\n<p>Grafe listet f\u00c3\u00bcr die Jahre 1993 &#8211; 2013 185 Opfer auf, das BKA im gleichen Zeitraum 39.551.<\/p>\n<p>Das hei\u00c3\u0178t, weniger als NULL KOMMA F\u00c3\u0153NF PROZENT der T\u00c3\u00a4ter waren &#8222;Sportsch\u00c3\u00bctzen&#8220; und\/oder das Tatmittel eine &#8222;Sportwaffe&#8220;. <\/p>\n<p><strong>&#8222;Problem&#8220; im Promillebereich<\/strong><\/p>\n<p>Anders ausgedr\u00c3\u00bcckt: In mehr als 99,5 % der registrierten T\u00c3\u00b6tungsdelikte war der T\u00c3\u00a4ter im Umkehrschluss dann kein Sportsch\u00c3\u00bctze, obwohl mindestens 1,7 % der Bev\u00c3\u00b6lkerung (1,4 von 81 Mio) alleine im Deutschen Sch\u00c3\u00bctzenbund organisiert und somit &#8222;Sportsch\u00c3\u00bctzen&#8220; sind. <\/p>\n<p>Gemessen an ihrem prozentualen Anteil k\u00c3\u00b6nnte man deshalb zu dem Schluss kommen, dass &#8222;Sportsch\u00c3\u00bctzen&#8220; weitaus rechtstreuer sind und ein geringeres Risiko tragen, zum M\u00c3\u00b6rder oder Totschl\u00c3\u00a4ger zu werden, als die Nicht-Sportsch\u00c3\u00bctzen hierzulande.<\/p>\n<p>Statistik:<\/p>\n<p><a href=\"http:\/\/meinungsterror.de\/wp-content\/uploads\/2016\/01\/0t_2016_BKA_Statistik_1993_2014_Straftaten_gg_das_Leben_a.pdf\"rel=\"\">BKA-Zahlen Opfer von T\u00c3\u00b6tungsdelikten 1993-2014<\/a> PDF-Format<\/p>\n<p><a href=\"http:\/\/meinungsterror.de\/wp-content\/uploads\/2016\/01\/0t_2016_spomowa_opferzahlen_a.pdf\"rel=\"\">Opferzahlen gem. sportmordwaffen.de<\/a> PDF-Format<\/p>\n<p><a href=\"http:\/\/meinungsterror.de\/wp-content\/uploads\/2016\/01\/0t_2016_BKA_Statistik_1993_2014_Straftaten_gg_das_Leben.xlsx\"rel=\"\">Excel-Arbeitsbl\u00c3\u00a4tter mit BKA-Zahlenreihe<\/a> xlsx-Format<\/p>\n","protected":false},"excerpt":{"rendered":"<p>T\u00c3\u00b6tungsdelikte in Deutschland Die kleine, aber \u00c3\u00a4u\u00c3\u0178erst lautstarke und gut vernetzte Antiwaffenlobby in Deutschland schafft es immer wieder, mit unseri\u00c3\u00b6sen Zahlen gro\u00c3\u0178e Aufmerksamkeit in den Medien zu erzielen. So kolportiert man seit Jahren angebliche Zahlen von Opfern &#8222;get\u00c3\u00b6tet mit Schusswaffen von Sportsch\u00c3\u00bctzen&#8220;, die sich innerhalb weniger Jahren von einst knapp \u00c3\u00bcber 100 auf mittlerweile &#8222;stolze&#8220; [&hellip;]<\/p>\n","protected":false},"author":1,"featured_media":0,"parent":0,"menu_order":0,"comment_status":"closed","ping_status":"closed","template":"","meta":{"footnotes":""},"class_list":["post-907","page","type-page","status-publish","hentry"],"_links":{"self":[{"href":"http:\/\/meinungsterror.de\/index.php?rest_route=\/wp\/v2\/pages\/907"}],"collection":[{"href":"http:\/\/meinungsterror.de\/index.php?rest_route=\/wp\/v2\/pages"}],"about":[{"href":"http:\/\/meinungsterror.de\/index.php?rest_route=\/wp\/v2\/types\/page"}],"author":[{"embeddable":true,"href":"http:\/\/meinungsterror.de\/index.php?rest_route=\/wp\/v2\/users\/1"}],"replies":[{"embeddable":true,"href":"http:\/\/meinungsterror.de\/index.php?rest_route=%2Fwp%2Fv2%2Fcomments&post=907"}],"version-history":[{"count":10,"href":"http:\/\/meinungsterror.de\/index.php?rest_route=\/wp\/v2\/pages\/907\/revisions"}],"predecessor-version":[{"id":1128,"href":"http:\/\/meinungsterror.de\/index.php?rest_route=\/wp\/v2\/pages\/907\/revisions\/1128"}],"wp:attachment":[{"href":"http:\/\/meinungsterror.de\/index.php?rest_route=%2Fwp%2Fv2%2Fmedia&parent=907"}],"curies":[{"name":"wp","href":"https:\/\/api.w.org\/{rel}","templated":true}]}}